{"id":2380,"date":"2026-03-04T10:49:02","date_gmt":"2026-03-04T10:49:02","guid":{"rendered":"https:\/\/www.hapetor.fi\/?page_id=2380"},"modified":"2026-04-08T08:58:21","modified_gmt":"2026-04-08T08:58:21","slug":"varaosat","status":"publish","type":"page","link":"https:\/\/www.hapetor.fi\/index.php\/varaosat\/","title":{"rendered":"Varaosat"},"content":{"rendered":"\t\t<div data-elementor-type=\"wp-page\" data-elementor-id=\"2380\" class=\"elementor elementor-2380\">\n\t\t\t\t<div class=\"elementor-element elementor-element-44fe54d2 e-flex e-con-boxed e-con e-parent\" data-id=\"44fe54d2\" data-element_type=\"container\" data-e-type=\"container\">\n\t\t\t\t\t<div class=\"e-con-inner\">\n\t\t\t\t<div class=\"elementor-element elementor-element-5602a3a0 elementor-widget elementor-widget-text-editor\" data-id=\"5602a3a0\" data-element_type=\"widget\" data-e-type=\"widget\" data-widget_type=\"text-editor.default\">\n\t\t\t\t<div class=\"elementor-widget-container\">\n\t\t\t\t\t\t\t\t\t\n<p class=\"has-text-align-center\"><strong>Varaosat kaivinkoneiden lis\u00e4laitteisiin<\/strong><br \/>Tarjoamme laajan valikoiman varaosia kaivinkoneiden lis\u00e4laitteisiin, kuten iskuvasaroihin, pulveroijiin, maaporiin ja muihin erikoislaitteisiin. Laadukkaat osamme takaavat lis\u00e4laitteiden tehokkaan ja luotettavan toiminnan, jotta ty\u00f6t sujuvat sujuvasti joka p\u00e4iv\u00e4.<\/p>\n\t\t\t\t\t\t\t\t<\/div>\n\t\t\t\t<\/div>\n\t\t\t\t\t<\/div>\n\t\t\t\t<\/div>\n\t\t<div class=\"elementor-element elementor-element-f490aa5 e-grid e-con-boxed e-con e-parent\" data-id=\"f490aa5\" data-element_type=\"container\" data-e-type=\"container\">\n\t\t\t\t\t<div class=\"e-con-inner\">\n\t\t\t\t<div class=\"elementor-element elementor-element-740180b elementor-widget elementor-widget-text-editor\" data-id=\"740180b\" data-element_type=\"widget\" data-e-type=\"widget\" data-widget_type=\"text-editor.default\">\n\t\t\t\t<div class=\"elementor-widget-container\">\n\t\t\t\t\t\t\t\t\t<p><span style=\"text-decoration: underline;\"><strong>Meilt\u00e4 alkuper\u00e4iset varaosat:<\/strong><\/span><\/p>\n<p>Green attachments tuotteet<\/p>\n<p>General Breaker<\/p>\t\t\t\t\t\t\t\t<\/div>\n\t\t\t\t<\/div>\n\t\t\t\t<div class=\"elementor-element elementor-element-1c0eb33 elementor-widget elementor-widget-text-editor\" data-id=\"1c0eb33\" data-element_type=\"widget\" data-e-type=\"widget\" data-widget_type=\"text-editor.default\">\n\t\t\t\t<div class=\"elementor-widget-container\">\n\t\t\t\t\t\t\t\t\t<p><span style=\"text-decoration: underline;\"><strong>Tarvike vasaran varaosat:<\/strong><\/span><\/p>\n<p>Rammer<\/p>\n<p>Montabert<\/p>\n<p>MTB<\/p>\n<p>Epirock<\/p>\n<p>MSB<\/p>\n<p>NPK\u00a0<\/p>\n<p>Hammer<\/p>\n<p>Mustang<\/p>\t\t\t\t\t\t\t\t<\/div>\n\t\t\t\t<\/div>\n\t\t\t\t\t<\/div>\n\t\t\t\t<\/div>\n\t\t\t\t<\/div>\n\t\t","protected":false},"excerpt":{"rendered":"<p>Varaosat kaivinkoneiden lis\u00e4laitteisiinTarjoamme laajan valikoiman varaosia kaivinkoneiden lis\u00e4laitteisiin, kuten iskuvasaroihin, pulveroijiin, maaporiin ja muihin erikoislaitteisiin. Laadukkaat osamme takaavat lis\u00e4laitteiden tehokkaan ja luotettavan toiminnan, jotta ty\u00f6t sujuvat sujuvasti joka p\u00e4iv\u00e4. Meilt\u00e4 alkuper\u00e4iset varaosat: Green attachments tuotteet General Breaker Tarvike vasaran varaosat: Rammer Montabert MTB Epirock MSB NPK\u00a0 Hammer Mustang<\/p>\n","protected":false},"author":1,"featured_media":0,"parent":0,"menu_order":0,"comment_status":"closed","ping_status":"closed","template":"","meta":{"_eb_attr":"","footnotes":""},"class_list":["post-2380","page","type-page","status-publish","hentry"],"jetpack_sharing_enabled":true,"_links":{"self":[{"href":"https:\/\/www.hapetor.fi\/index.php\/wp-json\/wp\/v2\/pages\/2380","targetHints":{"allow":["GET"]}}],"collection":[{"href":"https:\/\/www.hapetor.fi\/index.php\/wp-json\/wp\/v2\/pages"}],"about":[{"href":"https:\/\/www.hapetor.fi\/index.php\/wp-json\/wp\/v2\/types\/page"}],"author":[{"embeddable":true,"href":"https:\/\/www.hapetor.fi\/index.php\/wp-json\/wp\/v2\/users\/1"}],"replies":[{"embeddable":true,"href":"https:\/\/www.hapetor.fi\/index.php\/wp-json\/wp\/v2\/comments?post=2380"}],"version-history":[{"count":10,"href":"https:\/\/www.hapetor.fi\/index.php\/wp-json\/wp\/v2\/pages\/2380\/revisions"}],"predecessor-version":[{"id":2761,"href":"https:\/\/www.hapetor.fi\/index.php\/wp-json\/wp\/v2\/pages\/2380\/revisions\/2761"}],"wp:attachment":[{"href":"https:\/\/www.hapetor.fi\/index.php\/wp-json\/wp\/v2\/media?parent=2380"}],"curies":[{"name":"wp","href":"https:\/\/api.w.org\/{rel}","templated":true}]}}