{"id":2004,"date":"2026-02-05T12:39:53","date_gmt":"2026-02-05T12:39:53","guid":{"rendered":"https:\/\/www.hapetor.fi\/?post_type=product&#038;p=2004"},"modified":"2026-03-26T06:56:04","modified_gmt":"2026-03-26T06:56:04","slug":"iskuvasara-piikki-ga121-28-36-t-2964-kg","status":"publish","type":"product","link":"https:\/\/www.hapetor.fi\/index.php\/tuote\/iskuvasara-piikki-ga121-28-36-t-2964-kg\/","title":{"rendered":"Iskuvasara Piikki GA121 (28 &#8211; 36 t) 2964 kg"},"content":{"rendered":"<h2>Piikki-iskuvasaran tekniset tiedot<\/h2>\n<table style=\"font-weight: 400;\">\n<tbody>\n<tr>\n<td><\/td>\n<td><\/td>\n<td>GA121<\/td>\n<\/tr>\n<tr>\n<td>Paino<\/td>\n<td>kg<\/td>\n<td>2964<\/td>\n<\/tr>\n<tr>\n<td>Iskutaajuus<\/td>\n<td>bpm<\/td>\n<td>250 &#8211; 450<\/td>\n<\/tr>\n<tr>\n<td>\u00d6ljyvirtaus<\/td>\n<td>l\/min<\/td>\n<td>200 &#8211; 260<\/td>\n<\/tr>\n<tr>\n<td>Ty\u00f6paine<\/td>\n<td>bar<\/td>\n<td>180 &#8211; 200<\/td>\n<\/tr>\n<tr>\n<td>Ter\u00e4n halkaisija<\/td>\n<td>mm<\/td>\n<td>155<\/td>\n<\/tr>\n<tr>\n<td>Kaivinkone<\/td>\n<td>t<\/td>\n<td>28 &#8211; 36<\/td>\n<\/tr>\n<\/tbody>\n<\/table>\n<p style=\"font-weight: 400;\"><span style=\"font-weight: 400;\">Green Attachmentsin Piikki-hydraulivasarat on suunniteltu vastaamaan loppuk\u00e4ytt\u00e4j\u00e4n vaatimuksia erilaisissa maanrakennuksen, purkut\u00f6iden ja roudan piikkauksen kohteissa. Soveltuu hyvin my\u00f6s kiven rikotukseen eri ymp\u00e4rist\u00f6iss\u00e4. Malliston monipuolisuus ja luotettava tekniikka tekev\u00e4t Piikki-sarjasta erinomaisen valinnan niin urakoitsijalle kuin konevuokraamollekin. Edullisen hinta\/laatu-suhteen ja luotettavan toiminnan ansiosta Piikki iskuvasarat soveltuvat l\u00e4hes jokaiseen k\u00e4ytt\u00f6\u00f6n<\/span><\/p>\n<p style=\"font-weight: 400;\"><span style=\"font-weight: 400;\">Green Attachments Piikki-iskuvasaroiden k\u00e4ytt\u00f6kohteita ovat esimerkiksi erilaiset kaivamisen aputoiminnot kuten roudan piikkaus, lis\u00e4ksi purkuty\u00f6t, kunnallistekniset ty\u00f6t ym.\u00a0<\/span><\/p>\n<p style=\"font-weight: 400;\"><span style=\"font-weight: 400;\">Piikki-iskuvasarat toimivat hydraulisesti kaasuavusteisina tuottaen tehokkaan ja luotettavan iskuvoiman. Piikki iskuvasaroiden iskuenergia tuotetaan hydraulipaineella ja kaasun paineella yhdess\u00e4 m\u00e4nn\u00e4n yl\u00e4puolella. Piikki-vasaroiden tehosta yli puolet syntyy m\u00e4nn\u00e4n yl\u00e4puolisen typpikaasun paineesta. Kaasutoimisilla iskuvasaroilla on voima ja tuotavuus suuri ja ne toimivat korkeammilla vastapaineilla kuin hydraulitoimiset iskuvasarat. Korkeapaineakku antaa yli puolet energiasta iskun alkuvaiheessa ja est\u00e4\u00e4 \u00f6ljykanavien kavitaatiota, joka syntyy kun m\u00e4nt\u00e4 liikkuu nopeasti alasp\u00e4in. Vastaavasti m\u00e4nn\u00e4n l\u00e4htiess\u00e4 yl\u00f6sp\u00e4in, varastoidaan osa painepiikist\u00e4 paineakkuun. Korkeapaineakun oikea kaasupaine takaa iskuvasaran oikean toiminnan ja v\u00e4hent\u00e4\u00e4 rasitusta laitteille<\/span><\/p>\n<h3>Piikki-iskuvasaran edut:<\/h3>\n<ul style=\"font-weight: 400;\">\n<li>\n<ul>\n<li>\n<ul>\n<li>Tehokas ja luotettava iskuvoima \u2013 suunniteltu vaativaan p\u00e4ivitt\u00e4iseen k\u00e4ytt\u00f6\u00f6n<\/li>\n<li>Toimii korkeammilla vastapaineilla \u2013 lis\u00e4\u00e4 k\u00e4ytt\u00f6varmuutta<\/li>\n<li>Laaja kokovalikoima \u2013 pienkoneista isompiin kaivinkoneisiin<\/li>\n<\/ul>\n<\/li>\n<\/ul>\n<\/li>\n<\/ul>\n<p style=\"font-weight: 400;\">Pienten Piikki-iskuvasaroiden toiminta perustuu hydraulipaineen ja kaasun yhdistelm\u00e4\u00e4n, jolloin iskuenergia tuotetaan m\u00e4nn\u00e4n yl\u00e4puolella olevan paineen avulla. N\u00e4iss\u00e4 malleissa:<\/p>\n<ul style=\"font-weight: 400;\">\n<li>\n<ul>\n<li>Kaasus\u00e4ili\u00f6 on sijoitettu m\u00e4nn\u00e4n yl\u00e4puolelle,<\/li>\n<li>Rakennetta kutsutaan kaasutoimiseksi,<\/li>\n<li>Lopputuloksena on eritt\u00e4in voimakas iskuenergia ja korkea tuottavuus.<\/li>\n<\/ul>\n<\/li>\n<\/ul>\n<h2>Piikki-iskuvasaran k\u00e4ytt\u00f6kohteita<\/h2>\n<ul style=\"font-weight: 400;\">\n<li>purkuty\u00f6t, betonin piikkaus<\/li>\n<li>routavasarointi<\/li>\n<li>kivien murtaminen rakentamist\u00f6iss\u00e4<\/li>\n<li>kunnallistekniset ty\u00f6t<\/li>\n<\/ul>\n<h2>Piikki-iskuvasaran edut:<\/h2>\n<h3><a href=\"https:\/\/www.greenattachments.com\/en\/piikki-breaker-line\/686-piikki-features.html\">Info<\/a><\/h3>\n<ul style=\"font-weight: 400;\">\n<li>pieni osien kuluminen =&gt; korkea j\u00e4lleenmyyntihinta<\/li>\n<li>matalammat \u00f6ljyn l\u00e4mp\u00f6tilat<\/li>\n<li>vahvat sidepultit tehty laadukkaasta materiaalista<\/li>\n<li>hyv\u00e4 hydrauliikan vaimennus =&gt; v\u00e4hemm\u00e4n letkujen t\u00e4rin\u00e4\u00e4<\/li>\n<li>pienempi huollontarve =&gt; v\u00e4hemm\u00e4n k\u00e4ytt\u00f6kuluja<\/li>\n<li>Hydrauliikan suunnitteluun on kiinnitetty huomiota siten ett\u00e4 letkut ja liittimet ovat riitt\u00e4v\u00e4n suuria. T\u00e4ll\u00f6in v\u00e4ltyt\u00e4\u00e4n ylikuumenemiselta. Oikein suunniteltu iskuvasaroiden hydraulij\u00e4rjestelm\u00e4 s\u00e4\u00e4st\u00e4\u00e4 polttoainetta ja rahaa.<\/li>\n<li>Iskuvasaroiden hydrauliikka on suunniteltu siten, ett\u00e4 vuodot ja ongelmakohdat on minimoitu.<\/li>\n<li>Piikki-iskuvasaroiden k\u00e4ytt\u00e4miss\u00e4 vaimenninlevyiss\u00e4 on erityiset iskun ja t\u00e4rin\u00e4n vaimennusominaisuudet<\/li>\n<li>Piikki-iskuvasaroiden terien vaihtaminen on helppoa ja nopeaa<\/li>\n<li>\u00c4\u00e4nieristylevyt koteloissa vakiona<\/li>\n<li>Optimoitu m\u00e4nt\u00e4 \/ ter\u00e4- halkaisijasuhde<\/li>\n<\/ul>\n<h2><span style=\"font-size: 16px;\"><br \/>\nPiikki iskuvasaran videot<\/span><\/h2>\n<p style=\"font-weight: 400;\"><a href=\"https:\/\/youtu.be\/Ifbxm0j5Vas\">https:\/\/youtu.be\/Ifbxm0j5Vas\u00a0\u00a0<\/a>Piikki GA60 paalun ly\u00f6nti<\/p>\n<p style=\"font-weight: 400;\"><a href=\"https:\/\/youtube.com\/shorts\/-_4-wpY2w9w?feature=share\">https:\/\/youtube.com\/shorts\/-_4-wpY2w9w?feature=share<\/a>\u00a0 Piikki GA Turkki<\/p>\n<p style=\"font-weight: 400;\"><a href=\"https:\/\/youtube.com\/shorts\/Tnn_xOkf_AM\">https:\/\/youtube.com\/shorts\/Tnn_xOkf_AM<\/a>\u00a0\u00a0GA040 Alanya<\/p>\n<p style=\"font-weight: 400;\"><a href=\"https:\/\/youtube.com\/shorts\/5pZEp0NR8w0\">https:\/\/youtube.com\/shorts\/5pZEp0NR8w0<\/a>\u00a0Piikki GA 060 vihre\u00e4 Hatay<\/p>\n<p style=\"font-weight: 400;\"><a href=\"https:\/\/youtube.com\/shorts\/SEFMtTXf6N4\">https:\/\/youtube.com\/shorts\/SEFMtTXf6N4<\/a>\u00a0\u00a0Tsekki GA121<\/p>\n<p style=\"font-weight: 400;\"><a href=\"https:\/\/youtube.com\/shorts\/3i_09xbP0LE\">https:\/\/youtube.com\/shorts\/3i_09xbP0LE<\/a>\u00a0 GA081 Trabzone<\/p>\n","protected":false},"excerpt":{"rendered":"<h1>Hydraulinen iskuvasara<\/h1>\n<p style=\"font-weight: 400;\">Piikki-iskuvasara 28-36 t kaivinkoneille. Piikki-iskuvasarat purku-, rikotus- ja aput\u00f6ihin. Hydrauli-+kaasutoiminen iskuvasara tuottaen tehokkaan ja luotettavan iskuvoiman. Edullisen hankintahinnan ja loistavan hinta\/laatusuhteen omaava Piikki-iskuvasara on varma valinta moneen k\u00e4ytt\u00f6kohteeseen.<\/p>\n<h3>Piikki-iskuvasaran edut:<\/h3>\n<ul style=\"font-weight: 400;\">\n<li>Tehokas ja luotettava iskuvoima \u2013 suunniteltu vaativaan p\u00e4ivitt\u00e4iseen k\u00e4ytt\u00f6\u00f6n<\/li>\n<li>Toimii korkeammilla vastapaineilla \u2013 lis\u00e4\u00e4 k\u00e4ytt\u00f6varmuutta<\/li>\n<li>Laaja kokovalikoima \u2013 pienkoneista isompiin kaivinkoneisiin<\/li>\n<\/ul>\n<p style=\"font-weight: 400;\">Piikki-iskuvasaroiden toiminta perustuu hydraulipaineen ja kaasun yhdistelm\u00e4\u00e4n, jolloin iskuenergia tuotetaan kaasunpaineen avulla. N\u00e4iss\u00e4 malleissa tuloksena on eritt\u00e4in voimakas iskuenergia ja korkea tuottavuus.<\/p>\n<p style=\"font-weight: 400;\">Kaasutoimiset mallit toimivat my\u00f6s korkeammilla vastapaineilla, mik\u00e4 mahdollistaa k\u00e4yt\u00f6n laajemmassa konekirjossa ja vaativissa olosuhteissa.<\/p>\n<h3>K\u00e4ytt\u00f6kohteita:<\/h3>\n<ul style=\"font-weight: 400;\">\n<li>Roudan piikkaus<\/li>\n<li>Kivien rikotus<\/li>\n<li>Purku- ja saneerausty\u00f6t<\/li>\n<li>Kaivamisen aputy\u00f6t ja rakennusty\u00f6maat, kaapeloinnit ym.<\/li>\n<\/ul>\n","protected":false},"featured_media":1990,"comment_status":"open","ping_status":"closed","template":"","meta":{"_eb_attr":""},"product_brand":[23],"product_cat":[22],"product_tag":[],"class_list":{"0":"post-2004","1":"product","2":"type-product","3":"status-publish","4":"has-post-thumbnail","6":"product_brand-greenattachments","7":"product_cat-piikki-iskuvasarat","9":"first","10":"instock","11":"shipping-taxable","12":"purchasable","13":"product-type-simple"},"jetpack_sharing_enabled":true,"_links":{"self":[{"href":"https:\/\/www.hapetor.fi\/index.php\/wp-json\/wp\/v2\/product\/2004","targetHints":{"allow":["GET"]}}],"collection":[{"href":"https:\/\/www.hapetor.fi\/index.php\/wp-json\/wp\/v2\/product"}],"about":[{"href":"https:\/\/www.hapetor.fi\/index.php\/wp-json\/wp\/v2\/types\/product"}],"replies":[{"embeddable":true,"href":"https:\/\/www.hapetor.fi\/index.php\/wp-json\/wp\/v2\/comments?post=2004"}],"wp:featuredmedia":[{"embeddable":true,"href":"https:\/\/www.hapetor.fi\/index.php\/wp-json\/wp\/v2\/media\/1990"}],"wp:attachment":[{"href":"https:\/\/www.hapetor.fi\/index.php\/wp-json\/wp\/v2\/media?parent=2004"}],"wp:term":[{"taxonomy":"product_brand","embeddable":true,"href":"https:\/\/www.hapetor.fi\/index.php\/wp-json\/wp\/v2\/product_brand?post=2004"},{"taxonomy":"product_cat","embeddable":true,"href":"https:\/\/www.hapetor.fi\/index.php\/wp-json\/wp\/v2\/product_cat?post=2004"},{"taxonomy":"product_tag","embeddable":true,"href":"https:\/\/www.hapetor.fi\/index.php\/wp-json\/wp\/v2\/product_tag?post=2004"}],"curies":[{"name":"wp","href":"https:\/\/api.w.org\/{rel}","templated":true}]}}