{"id":2035,"date":"2026-02-10T10:59:59","date_gmt":"2026-02-10T10:59:59","guid":{"rendered":"https:\/\/www.hapetor.fi\/?post_type=product&#038;p=2035"},"modified":"2026-03-04T12:19:28","modified_gmt":"2026-03-04T12:19:28","slug":"hydraulinen-maapora-agr-pro-025","status":"publish","type":"product","link":"https:\/\/www.hapetor.fi\/index.php\/tuote\/hydraulinen-maapora-agr-pro-025\/","title":{"rendered":"Hydraulinen maapora AGR Pro 025"},"content":{"rendered":"<p style=\"font-weight: 400;\">Green Attachments Oy:n AGR Pro hydrauliset maaporat on suunniteltu tekem\u00e4\u00e4n maahan reiki\u00e4 joko aidantolppia tai muita paaluja varten, my\u00f6s perustukset ja maanrakennuskohteet ovat tyypillisi\u00e4 kohteita. Maaporat on sovitettavissa minikaivureille, traktoreille, traktorikaivureille, kaivinkoneille ym. Green Attachmentsin AGR Pro-sarja on taloudellinen, turvallinen ja kest\u00e4v\u00e4 ratkaisu ammattik\u00e4ytt\u00f6\u00f6n. Maaporia on saatavilla halkaisijoilla 100 \u2013 2400 mm. My\u00f6s jatkovarsia saatavilla optiona syvien reikien tekemiseen. Maakairasarja sis\u00e4lt\u00e4\u00e4 18 mallia 0.75 \u2026 45 t kaivukoneille.<\/p>\n<p style=\"font-weight: 400;\">Vakiona ter\u00e4ss\u00e4 on vaihdettavat kovametallipalat, joten roudan tai asfaltin l\u00e4pi poraus ei ole ongelma. Ter\u00e4n tilalle voidaan vaihtaa kantojyrsin, puunhalkaisuruuvi, ruuvipaaluadapteri, betonimylly tms. Monik\u00e4ytt\u00f6isyys tekee maaporasta todellisen rakennusty\u00f6maan yleiskoneen.<\/p>\n<p style=\"font-weight: 400;\">Green Attachmentsilta saa kulutusosat my\u00f6s Auger Torque maaporiin.<\/p>\n<h3>Hydrauliset maaporat kaivinkoneeseen\u00a0 tarkkaa porausta kaikkiin olosuhteisiin<\/h3>\n<p style=\"font-weight: 400;\">Hydrauliset maaporat ovat olennainen lis\u00e4laite, kun ty\u00f6maan tavoitteena on tehokas, tarkka ja luotettava maan poraus. Green Attachmentsin hydrauliset maaporat on suunniteltu toimimaan erilaisissa maaperiss\u00e4, ja ne soveltuvat erinomaisesti kaivinkoneisiin, kuormaajiin ja liukuohjattuihin koneisiin.<\/p>\n<p style=\"font-weight: 400;\">Hydrauliset maaporat tekev\u00e4t reiki\u00e4 maahan aidantolppia, paaluja ett\u00e4 perustus ja maanrakennusta varten. Maapora soveltuu my\u00f6s ruuvipaalujen asennukseen, suositeltava kokoluokka on AGR Pro 025 tai suurempi. Maapora pystyy my\u00f6s routaiseen maahan, esimerkiksi rei\u00e4n tekeminen uurnaa varten tms. Vakiona ter\u00e4ss\u00e4 on vaihdettavat kovametallipalat. Yleinen k\u00e4ytt\u00f6kohde maaporalle on my\u00f6s puiden halkaisu, t\u00e4ll\u00f6in ter\u00e4n tilalle kiinnitet\u00e4\u00e4n kartioruuvi. Hydrauliset maaporat on saatavilla halkaisijoilla 150 \u2013 2400 mm, saatavilla on my\u00f6s 1-1.5 m pituisia jatkovarsia. Maakairasarja sis\u00e4lt\u00e4\u00e4 18 mallia 0.75 \u2026 45 t kaivukoneille<\/p>\n<h3>Mihin hydraulisia maaporia k\u00e4ytet\u00e4\u00e4n?<\/h3>\n<p style=\"font-weight: 400;\">Hydrauliset maaporat ovat ihanteellinen ratkaisu moniin k\u00e4ytt\u00f6kohteisiin:<\/p>\n<ul style=\"font-weight: 400;\">\n<li>Aidanpylv\u00e4iden ja perustusten poraukseen<\/li>\n<li>Istutuksen valmisteluun<\/li>\n<li>Poraamiseen saveen ja multaan<\/li>\n<li>Rakennus- ja infraty\u00f6maiden poraustarpeisiin<\/li>\n<li>Ruuvipaalujen asennukseen<\/li>\n<li>Puiden halkaisu<\/li>\n<li>Kantojen jyrsint\u00e4<\/li>\n<\/ul>\n<p style=\"font-weight: 400;\">Valikoimasta l\u00f6ytyy ratkaisu niin kevyisiin kuin raskaampiinkin poraust\u00f6ihin \u2013 konekoon mukaan.<\/p>\n<p style=\"font-weight: 400;\">Green Attachments AGR Pro maaporat:<\/p>\n<ul>\n<li style=\"font-weight: 400;\">Tehokas ja kest\u00e4v\u00e4 rakenne: Soveltuu vaativaan ty\u00f6maaymp\u00e4rist\u00f6\u00f6n<\/li>\n<li style=\"font-weight: 400;\">Laaja poravalikoima: Erilaisia teri\u00e4 eri maa-aineksille<\/li>\n<li style=\"font-weight: 400;\">Helppo asennus ja yhteensopivuus: Toimii useissa eri konetyypeiss\u00e4<\/li>\n<li style=\"font-weight: 400;\">Tarkka lopputulos: V\u00e4h\u00e4inen maaper\u00e4n vaurio ja optimaalinen poraussyvyys<\/li>\n<\/ul>\n<p style=\"font-weight: 400;\">Green Attachmentsin maaporat ovat luotettava valinta urakoitsijoille, maanrakentajille ja kunnallistekniikan toimijoille, jotka etsiv\u00e4t tuottavuutta ja laatua samassa paketissa.<\/p>\n<h2>Maaporan k\u00e4ytt\u00f6kohteet<\/h2>\n<ul style=\"font-weight: 400;\">\n<li>aidantolppien perustus<\/li>\n<li>ruuvipaalujen kiinnitys<\/li>\n<li>perustus- ja maanrakennusty\u00f6t<\/li>\n<li>reikien tekeminen my\u00f6s routaiseen maahan<\/li>\n<\/ul>\n<p style=\"font-weight: 400;\">\u00a0Esimerkkej\u00e4 k\u00e4ytt\u00f6kohteista:<\/p>\n<p style=\"font-weight: 400;\"><a href=\"https:\/\/www.greenattachments.com\/fi\/79-reiaen-teko-maaporalla\">https:\/\/www.greenattachments.com\/fi\/79-reiaen-teko-maaporalla<\/a><\/p>\n<p style=\"font-weight: 400;\"><a href=\"https:\/\/www.greenattachments.com\/fi\/89-ruuvipaalun-kierrepaalun-asennus\">https:\/\/www.greenattachments.com\/fi\/89-ruuvipaalun-kierrepaalun-asennus<\/a><\/p>\n<h2>Hydraulisen maaporan toiminta<\/h2>\n<p style=\"font-weight: 400;\">Hydraulimoottori py\u00f6ritt\u00e4\u00e4 planeettavaihteiston v\u00e4lityksell\u00e4 pulttikiinnitteist\u00e4 ter\u00e4\u00e4. Ter\u00e4 on kiinnitetty erikoisniveleen lukituspultilla ja t\u00e4ll\u00f6in saadaan helppo terien vaihdettavuus. Planeettavaihteisto moninkertaistaa moottorin v\u00e4\u00e4nt\u00f6momentin tuottaen maksimaalisen voiman. Riitt\u00e4v\u00e4 voima takaa turvallisen ja kest\u00e4v\u00e4n k\u00e4yt\u00f6n. Terien tungstenk\u00e4rjet on valmistettu kulutustakest\u00e4v\u00e4st\u00e4 materiaalista ja ne ovat lis\u00e4ksi helposti vaihdettavissa.<\/p>\n<p style=\"font-weight: 400;\"><img fetchpriority=\"high\" decoding=\"async\" class=\"alignnone size-medium wp-image-2036\" src=\"http:\/\/www.hapetor.fi\/wp-content\/uploads\/2026\/02\/Auger-drill-300x248.jpg\" alt=\"\" width=\"300\" height=\"248\" srcset=\"https:\/\/www.hapetor.fi\/wp-content\/uploads\/2026\/02\/Auger-drill-300x248.jpg 300w, https:\/\/www.hapetor.fi\/wp-content\/uploads\/2026\/02\/Auger-drill-768x635.jpg 768w, https:\/\/www.hapetor.fi\/wp-content\/uploads\/2026\/02\/Auger-drill-600x496.jpg 600w, https:\/\/www.hapetor.fi\/wp-content\/uploads\/2026\/02\/Auger-drill.jpg 861w\" sizes=\"(max-width: 300px) 100vw, 300px\" \/> <img decoding=\"async\" class=\"alignnone size-medium wp-image-2037\" src=\"http:\/\/www.hapetor.fi\/wp-content\/uploads\/2026\/02\/jatkovarsi-tausta-37x300.jpg\" alt=\"\" width=\"37\" height=\"300\" \/> <img decoding=\"async\" class=\"alignnone size-medium wp-image-2038\" src=\"http:\/\/www.hapetor.fi\/wp-content\/uploads\/2026\/02\/AGR-Ruuvi-mod-76x300.png\" alt=\"\" width=\"76\" height=\"300\" srcset=\"https:\/\/www.hapetor.fi\/wp-content\/uploads\/2026\/02\/AGR-Ruuvi-mod-76x300.png 76w, https:\/\/www.hapetor.fi\/wp-content\/uploads\/2026\/02\/AGR-Ruuvi-mod.png 179w\" sizes=\"(max-width: 76px) 100vw, 76px\" \/> <img loading=\"lazy\" decoding=\"async\" class=\"alignnone size-medium wp-image-2039\" src=\"http:\/\/www.hapetor.fi\/wp-content\/uploads\/2026\/02\/Stump-planer-220x300.jpg\" alt=\"\" width=\"220\" height=\"300\" srcset=\"https:\/\/www.hapetor.fi\/wp-content\/uploads\/2026\/02\/Stump-planer-220x300.jpg 220w, https:\/\/www.hapetor.fi\/wp-content\/uploads\/2026\/02\/Stump-planer.jpg 352w\" sizes=\"(max-width: 220px) 100vw, 220px\" \/> <img loading=\"lazy\" decoding=\"async\" class=\"alignnone size-medium wp-image-2040\" src=\"http:\/\/www.hapetor.fi\/wp-content\/uploads\/2026\/02\/Ruuvipaaluadapteri-114x300.jpg\" alt=\"\" width=\"114\" height=\"300\" srcset=\"https:\/\/www.hapetor.fi\/wp-content\/uploads\/2026\/02\/Ruuvipaaluadapteri-114x300.jpg 114w, https:\/\/www.hapetor.fi\/wp-content\/uploads\/2026\/02\/Ruuvipaaluadapteri.jpg 288w\" sizes=\"(max-width: 114px) 100vw, 114px\" \/> <img loading=\"lazy\" decoding=\"async\" class=\"alignnone size-medium wp-image-2041\" src=\"http:\/\/www.hapetor.fi\/wp-content\/uploads\/2026\/02\/Cement-mixer-bowl-261x300.jpg\" alt=\"\" width=\"261\" height=\"300\" srcset=\"https:\/\/www.hapetor.fi\/wp-content\/uploads\/2026\/02\/Cement-mixer-bowl-261x300.jpg 261w, https:\/\/www.hapetor.fi\/wp-content\/uploads\/2026\/02\/Cement-mixer-bowl.jpg 350w\" sizes=\"(max-width: 261px) 100vw, 261px\" \/><br \/>\n<strong>Vakiona<\/strong> Tungsten k\u00e4rjet kovaan maaper\u00e4\u00e4n<br \/>\n<strong>Optiona<\/strong> jatkovarsia 1-1.5 m pituisina osina<br \/>\nOptiona halkaisuruuvi puiden halkaisuun<br \/>\nKantoleikkuri on suunniteltu nopeaan ja turvalliseen kantojen poistamiseen maaporalla<br \/>\nRuuvipaalujen asennus on yksi tyypillisimpi\u00e4 maaporan k\u00e4ytt\u00f6kohteita<br \/>\nSementtimyllyn saa my\u00f6s yhdistetty\u00e4 maaporaan<\/p>\n<h2>Maaporan tekniset tiedot<\/h2>\n<p style=\"font-weight: 400;\">Kaivinkoneen paino on suositeltu minimipaino t\u00e4lle maaporalle. Maaporan koko m\u00e4\u00e4r\u00e4ytyy k\u00e4ytt\u00f6kohteen mukaan ja maapora voi siten olla pienempi kuin kaivinkoneelle suositeltu koko.<\/p>\n<table style=\"font-weight: 400;\">\n<tbody>\n<tr>\n<td>Paino<\/td>\n<td>kg<\/td>\n<td>48<\/td>\n<\/tr>\n<tr>\n<td>Kaivinkone<\/td>\n<td>t<\/td>\n<td>0.75\u20263<\/td>\n<\/tr>\n<tr>\n<td>V\u00e4\u00e4nt\u00f6<\/td>\n<td>Nm<\/td>\n<td>830 &#8211; 2847<\/td>\n<\/tr>\n<tr>\n<td>Paine<\/td>\n<td>bar<\/td>\n<td>70 &#8211; 240<\/td>\n<\/tr>\n<tr>\n<td>\u00d6ljyvirtaus<\/td>\n<td>l\/min<\/td>\n<td>27 &#8211; 65<\/td>\n<\/tr>\n<tr>\n<td>Ter\u00e4n kiinnitys<\/td>\n<td>mm<\/td>\n<td>S4, 65 mm<\/td>\n<\/tr>\n<tr>\n<td>Nopeus<\/td>\n<td>Rpm<\/td>\n<td>36 &#8211; 87<\/td>\n<\/tr>\n<tr>\n<td>Ter\u00e4n std halkaisija<\/td>\n<td>mm<\/td>\n<td>100 &#8211; 500<\/td>\n<\/tr>\n<\/tbody>\n<\/table>\n<h2>Maaporavideot<\/h2>\n<p style=\"font-weight: 400;\"><a href=\"https:\/\/youtu.be\/B3XRxsI53RA%20%20\">https:\/\/youtu.be\/zcNWbkxofDU\u00a0<\/a>Auger AGR05 mets\u00e4ss\u00e4<\/p>\n<p style=\"font-weight: 400;\"><a href=\"https:\/\/youtu.be\/3XETxakcloI\">https:\/\/youtu.be\/3XETxakcloI\u00a0<\/a>\u00a0Auger AGR05 hautausmaa<\/p>\n<p style=\"font-weight: 400;\"><a href=\"https:\/\/youtu.be\/VQMPZoQtD_U\">https:\/\/youtu.be\/VQMPZoQtD_U<\/a>\u00a0AGR Pro 045 Hollola<\/p>\n<p style=\"font-weight: 400;\"><a href=\"https:\/\/youtu.be\/4bNy0dpxL6M\">https:\/\/youtu.be\/4bNy0dpxL6M<\/a>\u00a0AGR Pro 045 halkaisee puita<\/p>\n<p style=\"font-weight: 400;\"><a href=\"https:\/\/youtube.com\/shorts\/4tQp8uMiSks?feature=share\">https:\/\/youtube.com\/shorts\/4tQp8uMiSks?feature=share<\/a>\u00a0kaikki k\u00e4ytt\u00f6kohteet<\/p>\n<p style=\"font-weight: 400;\"><a href=\"https:\/\/youtube.com\/shorts\/4Gq8YAgwJTg?feature=share\">https:\/\/youtube.com\/shorts\/4Gq8YAgwJTg?feature=share<\/a>\u00a0AGR Pro 045 Mukkulan koulu, asfaltin l\u00e4piporaus<\/p>\n","protected":false},"excerpt":{"rendered":"<p style=\"font-weight: 400;\">AGR Pro hydrauliset maaporat 0.75&#8230;3.0 t kaivukoneille, 48kg. AGR Pro hydrauliset maaporat on suunniteltu tekem\u00e4\u00e4n maahan reiki\u00e4 esim. aidantolppia varten. AGR Pro-sarja on taloudellinen ja kest\u00e4v\u00e4 maapora ammattik\u00e4ytt\u00f6\u00f6n. N\u00e4it\u00e4 on myyty todella paljon kotitalousrakentajille, maanviljelij\u00f6ille, vuokrak\u00e4ytt\u00f6\u00f6n johtuen edullisesta hinnasta ja laajasta tuotevalikoimasta. Porakaira soveltuu my\u00f6s ruuvipaalujen asentamiseen.<br \/>\nVakiona ter\u00e4ss\u00e4 on vaihdettavat kovametallipalat, joten roudan tai asfaltin l\u00e4pi poraus ei ole ongelma. Ter\u00e4n tilalle voidaan vaihtaa kantojyrsin, puunhalkaisuruuvi, ruuvipaaluadapteri, betonimylly tms. Monik\u00e4ytt\u00f6isyys tekee maaporasta todellisen rakennusty\u00f6maan yleiskoneen.<br \/>\nGreen Attachmentsilta saa kulutusosat my\u00f6s Auger Torque maaporiin. Tuotteen hinta on alkaen-hinta. Lopullinen kokonaisuus muodostuu asiakkaan valintojen perusteella.<\/p>\n","protected":false},"featured_media":2273,"comment_status":"open","ping_status":"closed","template":"","meta":{"_eb_attr":""},"product_brand":[23],"product_cat":[63,18,30],"product_tag":[],"class_list":{"0":"post-2035","1":"product","2":"type-product","3":"status-publish","4":"has-post-thumbnail","6":"product_brand-greenattachments","7":"product_cat-agr-pro","8":"product_cat-yleinen","9":"product_cat-maaporat","11":"first","12":"instock","13":"shipping-taxable","14":"purchasable","15":"product-type-simple"},"jetpack_sharing_enabled":true,"_links":{"self":[{"href":"https:\/\/www.hapetor.fi\/index.php\/wp-json\/wp\/v2\/product\/2035","targetHints":{"allow":["GET"]}}],"collection":[{"href":"https:\/\/www.hapetor.fi\/index.php\/wp-json\/wp\/v2\/product"}],"about":[{"href":"https:\/\/www.hapetor.fi\/index.php\/wp-json\/wp\/v2\/types\/product"}],"replies":[{"embeddable":true,"href":"https:\/\/www.hapetor.fi\/index.php\/wp-json\/wp\/v2\/comments?post=2035"}],"wp:featuredmedia":[{"embeddable":true,"href":"https:\/\/www.hapetor.fi\/index.php\/wp-json\/wp\/v2\/media\/2273"}],"wp:attachment":[{"href":"https:\/\/www.hapetor.fi\/index.php\/wp-json\/wp\/v2\/media?parent=2035"}],"wp:term":[{"taxonomy":"product_brand","embeddable":true,"href":"https:\/\/www.hapetor.fi\/index.php\/wp-json\/wp\/v2\/product_brand?post=2035"},{"taxonomy":"product_cat","embeddable":true,"href":"https:\/\/www.hapetor.fi\/index.php\/wp-json\/wp\/v2\/product_cat?post=2035"},{"taxonomy":"product_tag","embeddable":true,"href":"https:\/\/www.hapetor.fi\/index.php\/wp-json\/wp\/v2\/product_tag?post=2035"}],"curies":[{"name":"wp","href":"https:\/\/api.w.org\/{rel}","templated":true}]}}