{"id":2105,"date":"2026-02-11T07:03:57","date_gmt":"2026-02-11T07:03:57","guid":{"rendered":"https:\/\/www.hapetor.fi\/?post_type=product&#038;p=2105"},"modified":"2026-03-10T10:00:47","modified_gmt":"2026-03-10T10:00:47","slug":"pyoriva-pulveroija-r-02","status":"publish","type":"product","link":"https:\/\/www.hapetor.fi\/index.php\/tuote\/pyoriva-pulveroija-r-02\/","title":{"rendered":"Py\u00f6riv\u00e4 pulveroija Yellow R 02"},"content":{"rendered":"<h2>Py\u00f6riv\u00e4 pulveroija R 02 (1.5 &#8230; 4.0 t) 220 kg<b><strong><br \/>\n<\/strong><\/b><\/h2>\n<p style=\"font-weight: 400;\">Green Attachmentsin Yellow line R py\u00f6riv\u00e4t pulveroijat on suunniteltu purkamisen j\u00e4lkeen tapahtuvaan betonin ja rautojen pulverointiin ja erotteluun jo suoraan ty\u00f6maalla. Pulveroijat soveltuvat my\u00f6s ter\u00e4svahvistetun betonin purkuun suuren murskausvoimansa ja k\u00e4tev\u00e4n py\u00f6rityksen ansiosta. Pulveroijien hyvin suunnitellun rakenteen ansiosta maksimivoima saavutetaan silloin kun sit\u00e4 eniten tarvitaan betonin murskaamisessa. Pulveroijien hydraulinen py\u00f6ritys ja suora rakenne tekev\u00e4t suorapurkamisen helpoksi, koska pulveroijan asemointi on vaivatonta ja laite on aina oikeassa kulmassa pulveroitavaan materiaalin n\u00e4hden. Maan tasossa tapahtuva pulverointi onnistuu my\u00f6s helposti.<br \/>\nPulveroijassa on ns. avoin rakenne sallien sopivan kokoisen jakeen menn\u00e4 l\u00e4pi. T\u00e4m\u00e4 nopeuttaa ty\u00f6t\u00e4, koska materiaali p\u00e4\u00e4see poistumaan eik\u00e4 j\u00e4\u00e4 hidastamaan pulverointia. Sopivan kokoisen lopputuotteen saaminen on kustannuskysymys ja Green Attachmentsin Yellow line pulveroijalla se saavutetaan. K\u00e4rjen muotoilun ansiosta maassa olevat raudat pystyt\u00e4\u00e4n poimimaan ja siirt\u00e4m\u00e4\u00e4n kierr\u00e4tykseen. Purkupulveroija ter\u00e4svahvistetun betonin pulverointiin ja erotteluun. Pulveroitsija soveltuu my\u00f6s purkut\u00f6ihin<br \/>\nPulveroijien kest\u00e4v\u00e4 rakenne, nopeus ja riitt\u00e4v\u00e4 voima takaavat tehokkaan purkamisen tyypillisimpi\u00e4 ovat ter\u00e4sbetonista tehdyt rakenteet. Pulveroijissa on ter\u00e4t raudoitusten leikkaamista varten. R py\u00f6rivien pulveroijien suunnittelu on tehty asiakkaiden tarpeet huomioiden, jolloin on saavutettu keveys ja kuitenkin vaadittava kest\u00e4vyys sek\u00e4 suuri tehokkuus ja voima.<br \/>\nR purkupulveroija on suunniteltu siten, ett\u00e4 pulttikiinnitteinen kiinnike voidaan vaihtaa helposti ja t\u00e4ll\u00f6in laitetta voidaan k\u00e4ytt\u00e4\u00e4 my\u00f6s eri koneille. Green Attachments toimittaa erilaisia kiinnittimi\u00e4 tarvittaessa.<br \/>\nR line py\u00f6riv\u00e4 pulveroijasarja k\u00e4sitt\u00e4\u00e4 14 mallia 1.5 &#8211; 120 t kaivukoneille.<\/p>\n<h3>Kenelle py\u00f6riv\u00e4t pulveroijat sopivat?<\/h3>\n<ul style=\"font-weight: 400;\">\n<li>Purkuyritykset ja rakennusliikkeet<\/li>\n<li>Kierr\u00e4tyskeskukset ja j\u00e4telaitokset<\/li>\n<li>Infrarakentamisen ja siltojen purku-urakoitsijat<\/li>\n<li>Koneurakoitsijat, jotka vaativat tarkkuutta ja tehoa<\/li>\n<\/ul>\n<p style=\"font-weight: 400;\">Green Attachmentsin valikoimassa on useita eri kokoja ja malleja \u2013 pienemmist\u00e4 laitteista aina raskaisiin ty\u00f6maakohteisiin. Kaikki laitteet ovat yhteensopivia kaikkien kaivinkoneiden kanssa, ja niihin on saatavilla varaosia nopeasti ja edullisesti.<\/p>\n<h3>Kysy tarjous tai asiantuntijan apua<\/h3>\n<p style=\"font-weight: 400;\">Etsitk\u00f6 tehokasta ja kest\u00e4v\u00e4\u00e4 ty\u00f6kalua betonin murskaamiseen ja raudoituksen k\u00e4sittelyyn? Green Attachmentsin py\u00f6riv\u00e4t pulveroijat ovat varma valinta vaativiin olosuhteisiin.<\/p>\n<h3>Py\u00f6riv\u00e4n pulveroijan k\u00e4ytt\u00f6kohteet<\/h3>\n<ul style=\"font-weight: 400;\">\n<li>maan tasossa tapahtuva betonin\u00a0hienontaminen ja rautojen erottelu, yleens\u00e4 kierr\u00e4tysty\u00f6maalla tapahtuva pulverointi<\/li>\n<li>suorapurku, Yellow R pulveroijassa on suora rakenne ja se helpottaa purkuty\u00f6t\u00e4, koska pulveroija on asemoitavissa py\u00f6rityksen ansiosta tarkasti kohteeseen<\/li>\n<li>siltojen purkaminen<\/li>\n<li>rakennusten purkaminen<\/li>\n<li>pulverointi suoraan ty\u00f6maalla, usein materiaali kannattaa paloitella jo ty\u00f6maalla. T\u00e4ll\u00f6in s\u00e4\u00e4stet\u00e4\u00e4n kuljetuskustannuksia<\/li>\n<li>rautojen ym materiaalin lajittelu, pulveroijalla pystyt\u00e4\u00e4n tarttumaan pieneenkin kappaleeseen ja hydraulisen py\u00f6ritt\u00e4j\u00e4n ansiosta erottelu eri kasoihin on helppoa<\/li>\n<li>betonin pulverointi<\/li>\n<\/ul>\n<h3>R py\u00f6riv\u00e4n pulveroijan ominaisuudet<\/h3>\n<ul style=\"font-weight: 400;\">\n<li>R pulveroijat on valmistettu kuluvilta osiltaan <b><strong>Hardox 400<\/strong><\/b>:sta k\u00e4ytt\u00f6i\u00e4n lis\u00e4\u00e4miseksi. Muut pulveroijan osat on valmistettu Weldoxista ja Strenghtist\u00e4.\u00a0<a href=\"https:\/\/www.greenattachments.com\/en\/home\/447-yellow-r-features.html?adtoken=6a649de8b9e1c9c2360cb838a6c6acc7&amp;ad=admin872fcq2ut&amp;id_employee=9\">Lue lis\u00e4\u00e4<\/a><\/li>\n<li>Py\u00f6riv\u00e4t pulveroijat on suunniteltu kest\u00e4m\u00e4\u00e4n kovaa k\u00e4ytt\u00f6\u00e4 optimoimalla rakenteet huomioiden pulverointi- ja purkuty\u00f6n \u00e4\u00e4rimm\u00e4iset vaatimukset.<\/li>\n<li>R pulveroijat on varustettu pikaliikeventtiilill\u00e4 nopeuden lis\u00e4\u00e4miseksi. T\u00e4ll\u00f6in regeneratiivinen venttiili ohjaa m\u00e4nn\u00e4nvarren puolelta \u00f6ljyn sylinterin m\u00e4nn\u00e4n puolelle lis\u00e4ten siten nopeutta. Kaikkiin pulveroijamalleihin t\u00e4t\u00e4 ominaisuutta ei ole tarjolla. <a href=\"https:\/\/www.greenattachments.com\/en\/home\/447-yellow-r-features.html?adtoken=6a649de8b9e1c9c2360cb838a6c6acc7&amp;ad=admin872fcq2ut&amp;id_employee=9\">Lue lis\u00e4\u00e4<\/a><\/li>\n<li>Erikoister\u00e4ksest\u00e4 valmistetut, taotut pulveroijien hampaat ovat nopeasti vaihdettavissa minimoiden t\u00e4ten seisonta-ajan.\u00a0<a href=\"https:\/\/www.greenattachments.com\/en\/home\/447-yellow-r-features.html?adtoken=6a649de8b9e1c9c2360cb838a6c6acc7&amp;ad=admin872fcq2ut&amp;id_employee=9\">Lue lis\u00e4\u00e4<\/a><\/li>\n<li>Vaihdettavat pulveroijien ter\u00e4t on tehty eritt\u00e4in kest\u00e4v\u00e4st\u00e4 erikoister\u00e4ksest\u00e4 ja niiden k\u00e4\u00e4nt\u00e4minen tai terien vaihto nopeasti takaa lyhyen huoltoajan.\u00a0<a href=\"https:\/\/www.greenattachments.com\/en\/home\/447-yellow-r-features.html?adtoken=6a649de8b9e1c9c2360cb838a6c6acc7&amp;ad=admin872fcq2ut&amp;id_employee=9\">Lue lis\u00e4\u00e4<\/a><\/li>\n<li>Pulveroijien akselit on karkaistu ja ne ovat helposti rasvattavissa akseleiden p\u00e4ist\u00e4.<\/li>\n<li>Pulveroijissa on vaihdettavat ter\u00e4slaakerit ja ne on ylimitoitettu siten, ett\u00e4 riitt\u00e4v\u00e4 elinik\u00e4 ja kest\u00e4vyys on taattu.\u00a0<a href=\"https:\/\/www.greenattachments.com\/en\/home\/447-yellow-r-features.html?adtoken=6a649de8b9e1c9c2360cb838a6c6acc7&amp;ad=admin872fcq2ut&amp;id_employee=9\">Lue lis\u00e4\u00e4<\/a><\/li>\n<li>Pulveroijien k\u00e4\u00e4nt\u00f6keh\u00e4 on toteutettu kaksoiskuulalaakereilla isoissa malleissa ja siten saatu toimintavarmuutta riitt\u00e4v\u00e4ksi.\u00a0<a href=\"https:\/\/www.greenattachments.com\/en\/home\/447-yellow-r-features.html?adtoken=6a649de8b9e1c9c2360cb838a6c6acc7&amp;ad=admin872fcq2ut&amp;id_employee=9\">Lue lis\u00e4\u00e4<\/a><\/li>\n<li>Hydraulinen py\u00f6ritys pulveroijassa helpottaa laitteen kohdistamista haluttuun kohteeseen. Pulveroijilla tehd\u00e4\u00e4n my\u00f6s lajittelua, esimerkiksi raudat laitetaan leikkaamisen j\u00e4lkeen lavalle ja t\u00e4ll\u00f6in py\u00f6ritys tekee ty\u00f6n helpoksi.\u00a0<a href=\"https:\/\/www.greenattachments.com\/en\/home\/447-yellow-r-features.html?adtoken=6a649de8b9e1c9c2360cb838a6c6acc7&amp;ad=admin872fcq2ut&amp;id_employee=9\">Lue lis\u00e4\u00e4<\/a><\/li>\n<li>Kest\u00e4v\u00e4 orbital-hydraulimoottori on varustettu vaihteella isoimmissa pulveroijamalleissa.\u00a0<a href=\"https:\/\/www.greenattachments.com\/en\/home\/447-yellow-r-features.html?adtoken=6a649de8b9e1c9c2360cb838a6c6acc7&amp;ad=admin872fcq2ut&amp;id_employee=9\">Lue lis\u00e4\u00e4<\/a><\/li>\n<li>Pulveroijien hydraulimoottori on suojattu kaksoispainerajaventtiilill\u00e4 painepiikkien varalta.\u00a0<a href=\"https:\/\/www.greenattachments.com\/en\/home\/447-yellow-r-features.html?adtoken=6a649de8b9e1c9c2360cb838a6c6acc7&amp;ad=admin872fcq2ut&amp;id_employee=9\">Lue lis\u00e4\u00e4<\/a><\/li>\n<li>Pulveroijien sivuilla ja p\u00e4\u00e4ll\u00e4 on huoltoluukut huollon helpottamiseksi.\u00a0<a href=\"https:\/\/www.greenattachments.com\/en\/home\/447-yellow-r-features.html?adtoken=6a649de8b9e1c9c2360cb838a6c6acc7&amp;ad=admin872fcq2ut&amp;id_employee=9\">Lue lis\u00e4\u00e4<\/a><\/li>\n<li>Pulveroijien sylinterit ovat eritt\u00e4in suuret takaamaan riitt\u00e4v\u00e4n voiman ja ne on k\u00e4\u00e4nnetty siten ett\u00e4 sylinterin varsi on aina suojassa iskuja vastaan.\u00a0<a href=\"https:\/\/www.greenattachments.com\/en\/home\/447-yellow-r-features.html?adtoken=6a649de8b9e1c9c2360cb838a6c6acc7&amp;ad=admin872fcq2ut&amp;id_employee=9\">Lue lis\u00e4\u00e4<\/a><\/li>\n<li>Hydrauliikan suunnitteluun on kiinnitetty huomiota siten ett\u00e4 letkut ja liittimet ovat riitt\u00e4v\u00e4n suuria. T\u00e4ll\u00f6in v\u00e4ltyt\u00e4\u00e4n \u00f6ljyn ylikuumenemiselta. Oikein suunniteltu pulveroijien hydraulij\u00e4rjestelm\u00e4 s\u00e4\u00e4st\u00e4\u00e4 polttoainetta ja rahaa.<\/li>\n<\/ul>\n<p>Pulveroijien hydrauliikka on suunniteltu siten, ett\u00e4 vuodot ja ongelmakohdat on minimoitu. Pulveroijien letkul\u00e4hd\u00f6iss\u00e4 on toimintavarmat SAE-liittimet.<\/p>\n<h2>Py\u00f6riv\u00e4n pulveroijan tekniset tiedot<\/h2>\n<p><img fetchpriority=\"high\" decoding=\"async\" src=\"https:\/\/greenattachments.com\/img\/cms\/Yelllow%20R20%20Plantworx%20tausta.jpg\" alt=\"Py\u00f6riv\u00e4 pulveroija\" width=\"400\" height=\"216\" \/><\/p>\n<p><img decoding=\"async\" class=\"alignnone size-medium wp-image-2109\" src=\"http:\/\/www.hapetor.fi\/wp-content\/uploads\/2026\/02\/table-300x179.jpg\" alt=\"\" width=\"300\" height=\"179\" srcset=\"https:\/\/www.hapetor.fi\/wp-content\/uploads\/2026\/02\/table-300x179.jpg 300w, https:\/\/www.hapetor.fi\/wp-content\/uploads\/2026\/02\/table.jpg 336w\" sizes=\"(max-width: 300px) 100vw, 300px\" \/><\/p>\n<p>Py\u00f6riv\u00e4 pulveroija Youtube videot:<\/p>\n<p>R 20 <a href=\"https:\/\/youtu.be\/QN4JXTSxmlM\">https:\/\/youtu.be\/QN4JXTSxmlM <\/a><br \/>\nR 40 Gopro <a href=\"https:\/\/youtu.be\/oL2wy57jOIw\">https:\/\/youtu.be\/oL2wy57jOIw <\/a><br \/>\nR 40 <a href=\"https:\/\/youtu.be\/Kcjz6ILR2m8\">https:\/\/youtu.be\/Kcjz6ILR2m8<\/a><\/p>\n","protected":false},"excerpt":{"rendered":"<p style=\"font-weight: 400;\">Py\u00f6riv\u00e4 pulveroija R 02 (1.5 &#8230; 4.0 t) 220 kg Meilt\u00e4 py\u00f6riv\u00e4t pulveroijat ter\u00e4svahvistetun betonin pulverointiin, rautojen erotteluun, lajitteluun ja purkut\u00f6ihin. Isoimmissa purkupulveroijamalleissa pikaliikeventtiili. Pulveroijan leukojen avoin rakenne nopeuttaa pulveroijan ty\u00f6t\u00e4. Suora, puominsuuntainen pulverisoija soveltuu kasapulverointiin ja my\u00f6s suorapurkuun<br \/>\nPy\u00f6riv\u00e4n pulveroijan edut:<\/p>\n<ul style=\"font-weight: 400;\">\n<li>360\u00b0 hydraulinen py\u00f6ritys \u2013 maksimaalinen hallinta ja tarkkuus<\/li>\n<li>Vahva leukarakenne ja leikkauster\u00e4t \u2013 murskaa ja leikkaa yhdell\u00e4 ty\u00f6kalulla<\/li>\n<li>Suuri puristusvoima \u2013 tehokas my\u00f6s paksulle betonille ja raudoille<\/li>\n<li>Huoltovapaa k\u00e4ytt\u00f6mekanismi \u2013 v\u00e4hemm\u00e4n seisokkeja ty\u00f6maalla<\/li>\n<li>Erinomainen n\u00e4kyvyys ja ohjattavuus \u2013 turvallisempaa ty\u00f6skentely\u00e4<\/li>\n<\/ul>\n","protected":false},"featured_media":2106,"comment_status":"open","ping_status":"closed","template":"","meta":{"_eb_attr":""},"product_brand":[23],"product_cat":[25,67],"product_tag":[36],"class_list":{"0":"post-2105","1":"product","2":"type-product","3":"status-publish","4":"has-post-thumbnail","6":"product_brand-greenattachments","7":"product_cat-pulveroija","8":"product_cat-yellow-r","9":"product_tag-pulveroija","11":"first","12":"instock","13":"shipping-taxable","14":"purchasable","15":"product-type-simple"},"jetpack_sharing_enabled":true,"_links":{"self":[{"href":"https:\/\/www.hapetor.fi\/index.php\/wp-json\/wp\/v2\/product\/2105","targetHints":{"allow":["GET"]}}],"collection":[{"href":"https:\/\/www.hapetor.fi\/index.php\/wp-json\/wp\/v2\/product"}],"about":[{"href":"https:\/\/www.hapetor.fi\/index.php\/wp-json\/wp\/v2\/types\/product"}],"replies":[{"embeddable":true,"href":"https:\/\/www.hapetor.fi\/index.php\/wp-json\/wp\/v2\/comments?post=2105"}],"wp:featuredmedia":[{"embeddable":true,"href":"https:\/\/www.hapetor.fi\/index.php\/wp-json\/wp\/v2\/media\/2106"}],"wp:attachment":[{"href":"https:\/\/www.hapetor.fi\/index.php\/wp-json\/wp\/v2\/media?parent=2105"}],"wp:term":[{"taxonomy":"product_brand","embeddable":true,"href":"https:\/\/www.hapetor.fi\/index.php\/wp-json\/wp\/v2\/product_brand?post=2105"},{"taxonomy":"product_cat","embeddable":true,"href":"https:\/\/www.hapetor.fi\/index.php\/wp-json\/wp\/v2\/product_cat?post=2105"},{"taxonomy":"product_tag","embeddable":true,"href":"https:\/\/www.hapetor.fi\/index.php\/wp-json\/wp\/v2\/product_tag?post=2105"}],"curies":[{"name":"wp","href":"https:\/\/api.w.org\/{rel}","templated":true}]}}