{"id":2247,"date":"2026-02-18T10:24:28","date_gmt":"2026-02-18T10:24:28","guid":{"rendered":"https:\/\/www.hapetor.fi\/?post_type=product&#038;p=2247"},"modified":"2026-03-10T09:31:55","modified_gmt":"2026-03-10T09:31:55","slug":"g-03","status":"publish","type":"product","link":"https:\/\/www.hapetor.fi\/index.php\/tuote\/g-03\/","title":{"rendered":"Yellow G 03"},"content":{"rendered":"<h1>Purkukoura \/ lajittelukoura G 03 (4\u20268 t) 250 kg<strong><br \/>\n<\/strong><\/h1>\n<p>G line purkukourat \/ lajittelukourat soveltuvat kaikkeen kaivinkoneella teht\u00e4v\u00e4\u00e4n purkamiseen, kierr\u00e4tykseen ja lajitteluun. Erotuksena rimpulakouriin t\u00e4ll\u00e4 pystyt tekem\u00e4\u00e4n purkua ja lajittelua ihan tosissaan.<br \/>\nG purkukouran \/lajittelukouran suunnittelu on tehty asiakkaiden tarpeet huomioiden, jolloin on saavutettu purkukouran \/ lajittelukouran keveys ja kuitenkin vaadittava kest\u00e4vyys sek\u00e4 suuri tehokkuus ja voima. Oikein k\u00e4ytettyn\u00e4 ja huollettuna purkukoura \/ lajittelukoura on todella pitk\u00e4ik\u00e4inen ja s\u00e4ilytt\u00e4\u00e4 vaihtoarvonsa hyvin.<br \/>\nPurkukourien \/ lajittelukourien kest\u00e4v\u00e4 rakenne ja riitt\u00e4v\u00e4 voima takaavat tehokkaan purkamisen tiili- tai puurakenteisille kohteille. My\u00f6s muista materiaaleista tehdyt purkukohteet ovat tyypillisi\u00e4 kohteita. Lajitteluk\u00e4yt\u00f6ss\u00e4 lajittelukouralla on pystytt\u00e4v\u00e4 lastaamaan eri materiaalit tarkasti kohteiden mukaan. Kierrr\u00e4tysty\u00f6maalla tyypillist\u00e4 on, ett\u00e4 lajittelukouralla pit\u00e4\u00e4 pysty\u00e4 pienent\u00e4m\u00e4\u00e4n ja lastaamaan materiaalia tehokkaasti ja toimintavarmasti.\u00a0 G purkukourat \/ lajittelukourat soveltuvat mainiosti kaikkiin n\u00e4ihin ty\u00f6kohteisiin.<br \/>\nSuunnittelemalla purkuty\u00f6n ja sen j\u00e4lkeisen lajittelun huolellisesti asiakas s\u00e4\u00e4st\u00e4\u00e4 rahaa kaatopaikkakustannuksissa!<br \/>\nPurkukouria \/ lajittelukouria on saatavilla sek\u00e4 omalla py\u00f6rityksell\u00e4 varustettuna ett\u00e4 ilman py\u00f6rityst\u00e4. Ilman py\u00f6rityst\u00e4 purkukoura \/ lajittelukoura soveltuu suoraan tilttiasennukseen, t\u00e4ll\u00f6in Green Attachmentsin G-sarjan purkukourat \/ lajittelukourat ovat luotettava vaihtoehto. Oma py\u00f6ritt\u00e4j\u00e4 kannattaa valita silloin kun purkukouran k\u00e4ytt\u00f6 on p\u00e4\u00e4asiallisesti purkuty\u00f6t\u00e4.\u00a0 G purku- ja lajittelukourat on suunniteltu siten, ett\u00e4 pulttikiinnitteinen kiinnike voidaan vaihtaa helposti ja t\u00e4ll\u00f6in purkukouraa voidaan k\u00e4ytt\u00e4\u00e4 my\u00f6s eri koneille. Green Attachments toimittaa erilaisia kiinnittimi\u00e4 tarvittaessa.<br \/>\nPurkukouria \/ lajittelukouria k\u00e4ytet\u00e4\u00e4n my\u00f6s yleisesti kierr\u00e4tysty\u00f6mailla, johon se sopii erinomaisesti helpon k\u00e4sitelt\u00e4vyytens\u00e4 ansiosta. My\u00f6s pitk\u00e4puomisovellukset ovat yleisi\u00e4, koska\u00a0purkukourille \/ lajittelukourille on saatu riitt\u00e4v\u00e4 keveys k\u00e4ytt\u00e4m\u00e4ll\u00e4 laadukkaita materiaaleja sek\u00e4 hyv\u00e4ll\u00e4 designilla.<br \/>\nG purkukoura- ja lajittelukourasarja k\u00e4sitt\u00e4\u00e4 9 mallia 2.5 \u2026 65 t kaivukoneille.<\/p>\n<h2>G purkukouran \/ lajittelukouran k\u00e4ytt\u00f6kohteita<\/h2>\n<ul>\n<li>suorapurku esimerkikiksi puutalojen purku<\/li>\n<li>purkuty\u00f6n j\u00e4lkeinen lajittelu<\/li>\n<li>Siporex tms rakenteiden purkaminen<\/li>\n<li>purku- ja lajittelukahmari pitk\u00e4puomiin asennettuna<\/li>\n<li>lajitteluty\u00f6t kierr\u00e4tysty\u00f6maalla<\/li>\n<\/ul>\n<h2>G purkukouran \/ lajittelukouran ominaisuudet:<\/h2>\n<ul>\n<li>Lajittelukourat on valmistettu kuluvilta osiltaan kulutuster\u00e4ksest\u00e4 k\u00e4ytt\u00f6i\u00e4n lis\u00e4\u00e4miseksi.\u00a0<a href=\"https:\/\/www.greenattachments.com\/en\/home\/470-yellow-g-features.html?adtoken=6a649de8b9e1c9c2360cb838a6c6acc7&amp;ad=admin872fcq2ut&amp;id_employee=9\" target=\"_blank\" rel=\"noreferrer noopener\">Lis\u00e4\u00e4 tietoa<\/a><\/li>\n<li>Purkukourien \/\u00a0lajittelukourien runko on optimoitu siten, ett\u00e4 leveys on riitt\u00e4v\u00e4. T\u00e4ll\u00f6in laakeroidut nivelet antavat riitt\u00e4v\u00e4n tuen leuoille ja elinik\u00e4 lis\u00e4\u00e4ntyy t\u00e4t\u00e4kin kautta.<\/li>\n<li>Purkukourien \/ lajittelukourien akselit on karkaistu ja niiden rasvauspisteet on suunniteltu siten, ett\u00e4 rasvaus onnistuu helposti.<\/li>\n<li>Lajittelukourissa on vaihdettavat ter\u00e4slaakerit ja ne on ylimitoitettu siten, ett\u00e4 riitt\u00e4v\u00e4 elinik\u00e4 ja kest\u00e4vyys on taattu.\u00a0<a href=\"https:\/\/www.greenattachments.com\/en\/home\/470-yellow-g-features.html?adtoken=6a649de8b9e1c9c2360cb838a6c6acc7&amp;ad=admin872fcq2ut&amp;id_employee=9\" target=\"_blank\" rel=\"noreferrer noopener\">Lis\u00e4\u00e4 tietoa<\/a><\/li>\n<li>K\u00e4\u00e4nt\u00f6keh\u00e4 purkukourissa \/ lajittelukourissa on toteutettu kaksoiskuulalaakereilla isoissa malleissa ja siten saatu toimintavarmuutta riitt\u00e4v\u00e4ksi.\u00a0<a href=\"https:\/\/www.greenattachments.com\/en\/home\/470-yellow-g-features.html?adtoken=6a649de8b9e1c9c2360cb838a6c6acc7&amp;ad=admin872fcq2ut&amp;id_employee=9\" target=\"_blank\" rel=\"noreferrer noopener\">Lis\u00e4\u00e4 tietoa<\/a><\/li>\n<li>Kulutustakest\u00e4v\u00e4st\u00e4 materiaalista valmistetut purkukourien \/ lajittelukourien huulilevyt ovat pulttikiinnitteisi\u00e4 ja k\u00e4\u00e4nnett\u00e4viss\u00e4 elini\u00e4n lis\u00e4\u00e4miseksi.\u00a0<a href=\"https:\/\/www.greenattachments.com\/en\/home\/470-yellow-g-features.html?adtoken=6a649de8b9e1c9c2360cb838a6c6acc7&amp;ad=admin872fcq2ut&amp;id_employee=9\" target=\"_blank\" rel=\"noreferrer noopener\">Lis\u00e4\u00e4 tietoa<\/a><\/li>\n<li>Hydraulinen py\u00f6ritys purkukourissa \/ lajittelukourissa helpottaa materiaalin k\u00e4sittely\u00e4, varsinkin purkamisen j\u00e4lkeisess\u00e4 materiaalin lajittelussa. Kest\u00e4v\u00e4 orbital-hydraulimoottori on varustettu vaihteella isoimmissa malleissa.\u00a0<a href=\"https:\/\/www.greenattachments.com\/en\/home\/470-yellow-g-features.html?adtoken=6a649de8b9e1c9c2360cb838a6c6acc7&amp;ad=admin872fcq2ut&amp;id_employee=9\" target=\"_blank\" rel=\"noreferrer noopener\">Lis\u00e4\u00e4 tietoa<\/a><\/li>\n<li>Purkukourien \/ lajittelukourien hydraulimoottori on suojattu kaksoispainerajaventtiilill\u00e4 painepiikkien varalta.\u00a0<a href=\"https:\/\/www.greenattachments.com\/en\/home\/470-yellow-g-features.html?adtoken=6a649de8b9e1c9c2360cb838a6c6acc7&amp;ad=admin872fcq2ut&amp;id_employee=9\" target=\"_blank\" rel=\"noreferrer noopener\">Lis\u00e4\u00e4 tietoa<\/a><\/li>\n<li>Purkukourissa \/ lajittelukourissa on huoltoluukut huollon helpottamiseksi.\u00a0<a href=\"https:\/\/www.greenattachments.com\/en\/home\/470-yellow-g-features.html?adtoken=6a649de8b9e1c9c2360cb838a6c6acc7&amp;ad=admin872fcq2ut&amp;id_employee=9\" target=\"_blank\" rel=\"noreferrer noopener\">Lis\u00e4\u00e4 tietoa<\/a><\/li>\n<li>Isoissa purkukourissa on kahden moottorin optio vaativiin sovelluksiin.\u00a0<a href=\"https:\/\/www.greenattachments.com\/en\/home\/470-yellow-g-features.html?adtoken=6a649de8b9e1c9c2360cb838a6c6acc7&amp;ad=admin872fcq2ut&amp;id_employee=9\" target=\"_blank\" rel=\"noreferrer noopener\">Lis\u00e4\u00e4 tietoa<\/a><\/li>\n<li>Liikkeen luotettavuus ja tarkkuus saadaan aikaa koiranluulla vaativiin purkukourien \/ lajittelukourien k\u00e4ytt\u00f6kohteiiin.<\/li>\n<li>Purkukourien \/ lajittelukourien sylinterit ovat eritt\u00e4in suuret takaamaan riitt\u00e4v\u00e4n voiman, jota tarvitaan erityisesti purkut\u00f6iss\u00e4.\u00a0<a href=\"https:\/\/www.greenattachments.com\/en\/home\/470-yellow-g-features.html?adtoken=6a649de8b9e1c9c2360cb838a6c6acc7&amp;ad=admin872fcq2ut&amp;id_employee=9\" target=\"_blank\" rel=\"noreferrer noopener\">Lis\u00e4\u00e4 tietoa<\/a><\/li>\n<li>Purkukourien \/ lajittelukourien sylintereiss\u00e4 on lis\u00e4ksi painerajaventtiilit lis\u00e4\u00e4m\u00e4\u00e4n ty\u00f6turvallisuutta ja suojaamaan sylinteri\u00e4.\u00a0<a href=\"https:\/\/www.greenattachments.com\/en\/home\/470-yellow-g-features.html?adtoken=6a649de8b9e1c9c2360cb838a6c6acc7&amp;ad=admin872fcq2ut&amp;id_employee=9\" target=\"_blank\" rel=\"noreferrer noopener\">Lis\u00e4\u00e4 tietoa<\/a><\/li>\n<li>Hydrauliikan suunnitteluun on kiinnitetty huomiota siten ett\u00e4 letkut ja liittimet ovat riitt\u00e4v\u00e4n suuria. T\u00e4ll\u00f6in v\u00e4ltyt\u00e4\u00e4n ylikuumenemiselta. Oikein suunniteltu lajittelukouran hydraulij\u00e4rjestelm\u00e4 s\u00e4\u00e4st\u00e4\u00e4 polttoainetta ja rahaa.<\/li>\n<\/ul>\n<h3>Purkukoura \/ lajittelukoura G 03<strong><br \/>\n<\/strong><\/h3>\n<p><img fetchpriority=\"high\" decoding=\"async\" src=\"https:\/\/greenattachments.com\/img\/cms\/Yellow%20G07%20Maxpo%207%20(2).jpg\" alt=\"Purkukoura \/ lajittelukoura\" width=\"300\" height=\"264\" \/><\/p>\n<h4>Leukavaihtoehtoja:<\/h4>\n<p>D-leuat purkusovelluksiin. Purkukoura\u00a0\/ lajittelukoura varustettuna ritil\u00e4m\u00e4isill\u00e4 D-leuoilla soveltuu hyvin purkuty\u00f6h\u00f6n. Kuljettaja my\u00f6s n\u00e4kee kohteen paremmin leukojen l\u00e4pi.<\/p>\n<p><img decoding=\"async\" src=\"http:\/\/greenattachments.com\/img\/cms\/Yellow%20GR%20D%20jaw.jpg\" alt=\"Purkukoura lajittelukoura grapple\" width=\"200\" height=\"254\" \/><\/p>\n<p>S-leuat lajitteluun. Purkukoura \/ lajittelukoura varustettuna rei&#8217;itetyll\u00e4 levyll\u00e4 vahvistetulla leuoilla soveltuu lajitteluun ja kierr\u00e4tykseen paremmin kuin D-leuat. Irtotavara ei tartu niin helposti lajittelukouran leukoihin kuin ritil\u00f6iden v\u00e4liin.<\/p>\n<p><img decoding=\"async\" src=\"http:\/\/greenattachments.com\/img\/cms\/Yellow%20GR%20S%20jaw.jpg\" alt=\"Purkukoura lajittelukoura grapple\" width=\"200\" height=\"217\" \/><\/p>\n<h2>G purkukouran \/ lajittelukouran tekniset tiedot<\/h2>\n<p><img fetchpriority=\"high\" decoding=\"async\" src=\"https:\/\/greenattachments.com\/img\/cms\/Yellow%20G07%20Maxpo%207%20(2).jpg\" alt=\"Purkukoura \/ lajittelukoura\" width=\"300\" height=\"264\" \/><\/p>\n<table border=\"0\" width=\"348\" cellspacing=\"0\" cellpadding=\"0\">\n<colgroup>\n<col width=\"203\" \/>\n<col width=\"145\" \/><\/colgroup>\n<tbody>\n<tr>\n<td class=\"xl65\" width=\"203\" height=\"20\">Paino, kg<\/td>\n<td class=\"xl66\" width=\"145\">250<\/td>\n<\/tr>\n<tr>\n<td class=\"xl67\" width=\"203\" height=\"20\">Kaivinkone, t<\/td>\n<td class=\"xl68\" width=\"145\">\u00a04 &#8211; 8<\/td>\n<\/tr>\n<tr>\n<td class=\"xl65\" width=\"203\" height=\"21\">Aukeama,mm<\/td>\n<td class=\"xl66\" width=\"145\">1100<\/td>\n<\/tr>\n<tr>\n<td class=\"xl67\" width=\"203\" height=\"21\">Leveys, mm<\/td>\n<td class=\"xl68\" width=\"145\">500<\/td>\n<\/tr>\n<tr>\n<td class=\"xl65\" width=\"203\" height=\"20\">Paine, sylinteri bar<\/td>\n<td class=\"xl66\" width=\"145\">200<\/td>\n<\/tr>\n<tr>\n<td class=\"xl67\" width=\"203\" height=\"20\">\u00d6ljyvirtaus, sylinteri l\/min<\/td>\n<td class=\"xl68\" width=\"145\">20<\/td>\n<\/tr>\n<tr>\n<td class=\"xl65\" width=\"203\" height=\"20\">Paine, py\u00f6ritys, bar<\/td>\n<td class=\"xl66\" width=\"145\">80<\/td>\n<\/tr>\n<tr>\n<td class=\"xl67\" width=\"203\" height=\"20\">\u00d6ljyvirtaus, py\u00f6ritys, l\/min<\/td>\n<td class=\"xl68\" width=\"145\">20<\/td>\n<\/tr>\n<tr>\n<td class=\"xl65\" width=\"203\" height=\"20\">Voima k\u00e4rjess\u00e4, kN<\/td>\n<td class=\"xl66\" width=\"145\">20<\/td>\n<\/tr>\n<\/tbody>\n<\/table>\n<h3>Youtube video<\/h3>\n<p><a href=\"https:\/\/youtu.be\/2uwnctw-jtk\">https:\/\/youtu.be\/2uwnctw-jtk<\/a>\u00a0 Yellow G 05 kierr\u00e4tys<br \/>\n<a href=\"https:\/\/youtu.be\/jzrUg0QxK78\">https:\/\/youtu.be\/jzrUg0QxK78<\/a>\u00a0Yellow G ominaisuudet<br \/>\n<a href=\"https:\/\/youtu.be\/QcaUBRRErgE\">https:\/\/youtu.be\/QcaUBRRErgE<\/a>\u00a0Yellow G 25 ikkunanpoisto<br \/>\n<a href=\"https:\/\/youtu.be\/JURAHnDwlS8\">https:\/\/youtu.be\/JURAHnDwlS8\u00a0<\/a>Yellow G 25 purkuty\u00f6<\/p>\n","protected":false},"excerpt":{"rendered":"<h1>Purkukoura \/ lajittelukoura<\/h1>\n<p>Purkukoura \/ lajittelukoura G 03 (4\u20268t). Vahva, nopea ja tehokas purkukahmari. G purkukoura \/ lajittelukoura luotettava valinta monenlaisiin purkut\u00f6ihin, my\u00f6s kierr\u00e4tyst\u00f6ihin. Kest\u00e4v\u00e4 rakenne ja voima takaavat tehokkaan ty\u00f6skentelyn. Laadukkaat materiaalit sallivat kevyen rakenteen ja\u00a0 energians\u00e4\u00e4st\u00f6n. Purkukoura hyv\u00e4ll\u00e4 hinta\/laatusuhteella<br \/>\nG purku- ja lajittelukourat purku- ja kierr\u00e4tystoiminnan k\u00e4ytt\u00f6kohteisiin. Vahva, nopea ja tehokas purku- ja lajittelukoura. Purku- ja lajittelukouran kest\u00e4v\u00e4 rakenne ja riitt\u00e4v\u00e4 voima takaavat tehokkaan purkuty\u00f6n. Soveltuu hyvin my\u00f6s kierr\u00e4tysalan t\u00f6ihin. G purku- ja lajittelukouralla hoidat sek\u00e4 purkuty\u00f6t ett\u00e4 monenlaiset lajitteluty\u00f6t vaivattomasti. 360 asteen py\u00f6ritys takaa purkukouran \/ lajittelukouran oikean asemoinnin kohteeseen ja s\u00e4\u00e4st\u00e4\u00e4 aikaa.<\/p>\n","protected":false},"featured_media":2238,"comment_status":"open","ping_status":"closed","template":"","meta":{"_eb_attr":""},"product_brand":[23],"product_cat":[26,65],"product_tag":[],"class_list":{"0":"post-2247","1":"product","2":"type-product","3":"status-publish","4":"has-post-thumbnail","6":"product_brand-greenattachments","7":"product_cat-purkukourat","8":"product_cat-yellow-g","10":"first","11":"instock","12":"shipping-taxable","13":"purchasable","14":"product-type-simple"},"jetpack_sharing_enabled":true,"_links":{"self":[{"href":"https:\/\/www.hapetor.fi\/index.php\/wp-json\/wp\/v2\/product\/2247","targetHints":{"allow":["GET"]}}],"collection":[{"href":"https:\/\/www.hapetor.fi\/index.php\/wp-json\/wp\/v2\/product"}],"about":[{"href":"https:\/\/www.hapetor.fi\/index.php\/wp-json\/wp\/v2\/types\/product"}],"replies":[{"embeddable":true,"href":"https:\/\/www.hapetor.fi\/index.php\/wp-json\/wp\/v2\/comments?post=2247"}],"wp:featuredmedia":[{"embeddable":true,"href":"https:\/\/www.hapetor.fi\/index.php\/wp-json\/wp\/v2\/media\/2238"}],"wp:attachment":[{"href":"https:\/\/www.hapetor.fi\/index.php\/wp-json\/wp\/v2\/media?parent=2247"}],"wp:term":[{"taxonomy":"product_brand","embeddable":true,"href":"https:\/\/www.hapetor.fi\/index.php\/wp-json\/wp\/v2\/product_brand?post=2247"},{"taxonomy":"product_cat","embeddable":true,"href":"https:\/\/www.hapetor.fi\/index.php\/wp-json\/wp\/v2\/product_cat?post=2247"},{"taxonomy":"product_tag","embeddable":true,"href":"https:\/\/www.hapetor.fi\/index.php\/wp-json\/wp\/v2\/product_tag?post=2247"}],"curies":[{"name":"wp","href":"https:\/\/api.w.org\/{rel}","templated":true}]}}