{"id":2657,"date":"2026-03-18T14:13:40","date_gmt":"2026-03-18T14:13:40","guid":{"rendered":"https:\/\/www.hapetor.fi\/?post_type=product&#038;p=2657"},"modified":"2026-04-22T16:00:24","modified_gmt":"2026-04-22T16:00:24","slug":"yellow-line-romuleikkuri-6-8-t","status":"publish","type":"product","link":"https:\/\/www.hapetor.fi\/index.php\/tuote\/yellow-line-romuleikkuri-6-8-t\/","title":{"rendered":"Romuleikkuri Yellow JT04 (6 \u2026 8 t) 660 kg"},"content":{"rendered":"<h2>Yellow JT ter\u00e4sleikkurin tekniset tiedot<\/h2>\n<table style=\"font-weight: 400;\" width=\"290\">\n<tbody>\n<tr>\n<td width=\"183\">Paino, kg<\/td>\n<td width=\"107\">660<\/td>\n<\/tr>\n<tr>\n<td>Kaivinkone, t<\/td>\n<td>\u00a06 &#8211; 8<\/td>\n<\/tr>\n<tr>\n<td>Aukeama, mm<\/td>\n<td>400<\/td>\n<\/tr>\n<tr>\n<td>Pituus, mm<\/td>\n<td>1100<\/td>\n<\/tr>\n<tr>\n<td>Leikkuuvoima k\u00e4rjess\u00e4, t<\/td>\n<td>43<\/td>\n<\/tr>\n<tr>\n<td>Leikkuuvoima keskell\u00e4, t<\/td>\n<td>63<\/td>\n<\/tr>\n<tr>\n<td>Paine, bar<\/td>\n<td>270<\/td>\n<\/tr>\n<tr>\n<td>\u00d6ljyvirtaus, l\/min<\/td>\n<td>90<\/td>\n<\/tr>\n<\/tbody>\n<\/table>\n<h1>Romuleikkuri Yellow JT04 (6 \u2026 8 t) 660 kg<b><strong><br \/>\n<\/strong><\/b><\/h1>\n<p style=\"font-weight: 400;\">Yellow line ter\u00e4sleikkurisarja on kehitetty ter\u00e4ksen paloitteluun kierr\u00e4tyst\u00e4 varten. Yellow JT ter\u00e4sleikkurit on suunniteltu siten ett\u00e4 maksimi leikkausvoima saavutetaan juuri oikealla hetkell\u00e4 leuan liikuttua pienen matkan. Kuitenkin metallileikkurien liikkeen lopussa pit\u00e4\u00e4 olla riitt\u00e4v\u00e4n suuri leikkausvoima, jotta ohuetkin pellit pystyt\u00e4\u00e4n leikkaamaan. Yellow JT ter\u00e4sleikkurin leuan muotoilu ja terien asettelu varmistavat puhtaan ja suoran leikkauksen.JT\u00a0ter\u00e4sleikkurit soveltuvat my\u00f6s ter\u00e4srakenteiden purkut\u00f6ihin ja purkut\u00f6ihin liittyvien erilaisten rakenteiden leikkaamiseen, kuten putket, levyt ja ter\u00e4sprofiilit. Innovatiiviset ratkaisut metallileikkureissa ja kulutustakest\u00e4vien ter\u00e4sten k\u00e4ytt\u00f6 takaavat suuren voiman ja laitteen keveyden.<\/p>\n<p style=\"font-weight: 400;\">Yellow JT ter\u00e4sleikkurit on suunniteltu siten, ett\u00e4 pulttikiinnitteinen kiinnike voidaan vaihtaa helposti ja t\u00e4ll\u00f6in laitetta voidaan k\u00e4ytt\u00e4\u00e4 my\u00f6s eri koneille. Green Attachments toimittaa erilaisia kiinnittimi\u00e4 tarvittaessa.<\/p>\n<p style=\"font-weight: 400;\">Yellow JT ter\u00e4sleikkurisarja k\u00e4sitt\u00e4\u00e4 3 nokkaleikkuria 6 &#8211; 20 t kaivukoneille.<\/p>\n<h3>Green Attachmentsin nokkaleikkuri<\/h3>\n<ul style=\"font-weight: 400;\">\n<li>Korkea leikkausvoima: Nokkaleikkurit on suunniteltu tarjoamaan maksimaalinen leikkausteho, mik\u00e4 mahdollistaa tehokkaan ty\u00f6skentelyn kovissakin materiaaleissa.<\/li>\n<li>Kest\u00e4v\u00e4 rakenne: Laadukkaista materiaaleista valmistetut leikkurit kest\u00e4v\u00e4t kovaa k\u00e4ytt\u00f6\u00e4 ja v\u00e4hent\u00e4v\u00e4t huoltotarvetta.<\/li>\n<li>Monipuolisuus: Sopii erilaisiin kaivinkonemalleihin ja -kokoluokkiin, mik\u00e4 tekee niist\u00e4 joustavan valinnan erilaisiin ty\u00f6ymp\u00e4rist\u00f6ihin.<\/li>\n<li>Helppo huollettavuus: Suunniteltu k\u00e4ytt\u00e4j\u00e4yst\u00e4v\u00e4llisiksi, mik\u00e4 helpottaa huoltoa ja pident\u00e4\u00e4 laitteen k\u00e4ytt\u00f6ik\u00e4\u00e4.<\/li>\n<\/ul>\n<p>&nbsp;<\/p>\n<h2>Yellow JT nokkaleikkureiden k\u00e4ytt\u00f6kohteet<\/h2>\n<ul style=\"font-weight: 400;\">\n<li>Metallien paloittelu kierr\u00e4tyst\u00e4 varten<\/li>\n<li>Ter\u00e4srakenteiden purkuty\u00f6t<\/li>\n<li>Muiden materiaalien leikkaus, esim. kumi<\/li>\n<\/ul>\n<h2>Yellow JT ter\u00e4sleikkureiden ominaisuudet<\/h2>\n<ul style=\"font-weight: 400;\">\n<li>Yellow JT ter\u00e4sleikkurit on valmistettu kuluvilta osiltaan\u00a0<b><strong>Hardox 400<\/strong><\/b>:sta k\u00e4ytt\u00f6i\u00e4n lis\u00e4\u00e4miseksi. Muut osat on valmistettu Weldoxista ja Strenghtist\u00e4.<\/li>\n<li>Ter\u00e4sleikkurit on suunniteltu kest\u00e4m\u00e4\u00e4n kovaa k\u00e4ytt\u00f6\u00e4 optimoimalla rakenteet huomioiden metallien leikkaamisen \u00e4\u00e4rimm\u00e4iset vaatimukset.<\/li>\n<li>Pitk\u00e4t metallileikkurin leikkauster\u00e4t isojen profiilien leikkaamiseen. Terien geometria on suunniteltu sellaiseksi, ett\u00e4 kiinni menness\u00e4\u00e4n ter\u00e4t imev\u00e4t materiaalin syvemm\u00e4lle kitaan ja t\u00e4ll\u00f6in leikkaaminen on helpompaa.<\/li>\n<li>Yellow S ter\u00e4sleikkurit on varustettu pikaliikeventtiilill\u00e4 nopeuden lis\u00e4\u00e4miseksi. T\u00e4ll\u00f6in regeneratiivinen venttiili ohjaa m\u00e4nn\u00e4nvarren puolelta \u00f6ljyn m\u00e4nn\u00e4n puolelle lis\u00e4ten siten nopeutta. Kaikkiin malleihin t\u00e4t\u00e4 ominaisuutta ei ole tarjolla.<\/li>\n<li>Vaihdettavat metallileikkurin ter\u00e4t on tehty eritt\u00e4in kest\u00e4v\u00e4st\u00e4 erikoister\u00e4ksest\u00e4 ja niiden k\u00e4\u00e4nt\u00e4minen tai terien vaihto nopeasti takaa lyhyen huoltoajan. T\u00e4ll\u00f6in laite leikkaa aina tehokkaimmin<\/li>\n<li>Terien saksiefektin v\u00e4ltt\u00e4miseksi laitteessa on s\u00e4\u00e4dett\u00e4v\u00e4t tuet liikkuvalle leualle. T\u00e4m\u00e4 lis\u00e4\u00e4 k\u00e4ytt\u00f6ik\u00e4\u00e4 ja tehostaa leikkausta<\/li>\n<li>Ter\u00e4sleikkurien akselit on karkaistu ja ne ovat helposti rasvattavissa akseleiden p\u00e4ist\u00e4.<\/li>\n<li>Ter\u00e4sleikkureissa on vaihdettavat ter\u00e4slaakerit ja ne on ylimitoitettu siten, ett\u00e4 riitt\u00e4v\u00e4 elinik\u00e4 ja kest\u00e4vyys on taattu.<\/li>\n<li>Ter\u00e4sleikkurien k\u00e4\u00e4nt\u00f6keh\u00e4 on toteutettu kaksoiskuulalaakereilla isoissa malleissa ja siten saatu toimintavarmuutta riitt\u00e4v\u00e4ksi.<\/li>\n<li>Hydraulinen py\u00f6ritys ter\u00e4sleikkureissa helpottaa laitteen kohdistamista haluttuun kohteeseen. Kest\u00e4v\u00e4 orbital-hydraulimoottori on varustettu vaihteella isoimmissa malleissa.<\/li>\n<li>Ter\u00e4sleikkurien hydraulimoottori on suojattu kaksoispainerajaventtiilill\u00e4 painepiikkien varalta.<\/li>\n<li>Ter\u00e4sleikkurien sivuilla ja p\u00e4\u00e4ll\u00e4 on huoltoluukut huollon helpottamiseksi.<\/li>\n<li>Ter\u00e4sleikkurien sylinterit ovat eritt\u00e4in suuret takaamaan riitt\u00e4v\u00e4n voiman ja ne on k\u00e4\u00e4nnetty siten ett\u00e4 varsi on aina suojassa iskuja vastaan.<\/li>\n<li>Hydrauliikan suunnitteluun on kiinnitetty huomiota siten ett\u00e4 letkut ja liittimet ovat riitt\u00e4v\u00e4n suuria. T\u00e4ll\u00f6in v\u00e4ltyt\u00e4\u00e4n ylikuumenemiselta. Oikein suunniteltu ter\u00e4sleikkurien hydraulij\u00e4rjestelm\u00e4 s\u00e4\u00e4st\u00e4\u00e4 polttoainetta ja rahaa.<\/li>\n<li>Ter\u00e4sleikkurien hydrauliikka on suunniteltu siten, ett\u00e4 nokkaleikkurin vuodot ja ongelmakohdat on minimoitu. T<\/li>\n<\/ul>\n<h2><\/h2>\n","protected":false},"excerpt":{"rendered":"<h1>Romuleikkuri<\/h1>\n<p style=\"font-weight: 400;\">Yellow line romuleikkuri 6 \u2026 8 t kaivukoneille. Metallisakset \/ nokkaleikkuri kovaan k\u00e4ytt\u00f6\u00f6n. Yellow JT romuleikkuri \/ metallileikkuri. Yellow JT ter\u00e4sleikkurisarja on kehitetty ter\u00e4ksen leikkaamiseen kierr\u00e4tyst\u00e4 varten. Yellow S ter\u00e4sleikkuri on suunniteltu siten ett\u00e4 maksimi leikkausvoima saavutetaan juuri oikealla hetkell\u00e4.<\/p>\n<p style=\"font-weight: 400;\">Nokkaleikkurit ovat tehokkaita purkulaitteita, jotka on suunniteltu erityisesti eri metallien hallittuun leikkaamiseen ja purkamiseen. Green Attachmentsin nokkaleikkurit tarjoavat huipputehokkaan ratkaisun vaativiin purkukohteisiin, joissa tarvitaan tarkkuutta ja maksimaalista leikkausvoimaa.<\/p>\n","protected":false},"featured_media":2925,"comment_status":"open","ping_status":"closed","template":"","meta":{"_eb_attr":""},"product_brand":[23],"product_cat":[28],"product_tag":[],"class_list":{"0":"post-2657","1":"product","2":"type-product","3":"status-publish","4":"has-post-thumbnail","6":"product_brand-greenattachments","7":"product_cat-terasleikkuri","9":"first","10":"instock","11":"shipping-taxable","12":"purchasable","13":"product-type-simple"},"jetpack_sharing_enabled":true,"_links":{"self":[{"href":"https:\/\/www.hapetor.fi\/index.php\/wp-json\/wp\/v2\/product\/2657","targetHints":{"allow":["GET"]}}],"collection":[{"href":"https:\/\/www.hapetor.fi\/index.php\/wp-json\/wp\/v2\/product"}],"about":[{"href":"https:\/\/www.hapetor.fi\/index.php\/wp-json\/wp\/v2\/types\/product"}],"replies":[{"embeddable":true,"href":"https:\/\/www.hapetor.fi\/index.php\/wp-json\/wp\/v2\/comments?post=2657"}],"wp:featuredmedia":[{"embeddable":true,"href":"https:\/\/www.hapetor.fi\/index.php\/wp-json\/wp\/v2\/media\/2925"}],"wp:attachment":[{"href":"https:\/\/www.hapetor.fi\/index.php\/wp-json\/wp\/v2\/media?parent=2657"}],"wp:term":[{"taxonomy":"product_brand","embeddable":true,"href":"https:\/\/www.hapetor.fi\/index.php\/wp-json\/wp\/v2\/product_brand?post=2657"},{"taxonomy":"product_cat","embeddable":true,"href":"https:\/\/www.hapetor.fi\/index.php\/wp-json\/wp\/v2\/product_cat?post=2657"},{"taxonomy":"product_tag","embeddable":true,"href":"https:\/\/www.hapetor.fi\/index.php\/wp-json\/wp\/v2\/product_tag?post=2657"}],"curies":[{"name":"wp","href":"https:\/\/api.w.org\/{rel}","templated":true}]}}